{"id":411,"date":"2025-10-29T10:15:20","date_gmt":"2025-10-29T10:15:20","guid":{"rendered":"https:\/\/escueladenataciondelfines.com\/?page_id=411"},"modified":"2025-11-20T08:36:55","modified_gmt":"2025-11-20T08:36:55","slug":"politica-de-cookies","status":"publish","type":"page","link":"https:\/\/escueladenataciondelfines.com\/en\/politica-de-cookies\/","title":{"rendered":"\u00a0Pol\u00edtica de Cookies"},"content":{"rendered":"<style>.elementor-411 .elementor-element.elementor-element-ca54c83{--display:flex;--margin-top:5em;--margin-bottom:0em;--margin-left:0em;--margin-right:0em;}:root{--page-title-display:none;}<\/style>\t\t<div data-elementor-type=\"wp-page\" data-elementor-id=\"411\" class=\"elementor elementor-411\" data-elementor-post-type=\"page\">\n\t\t\t\t<div class=\"elementor-element elementor-element-ca54c83 e-flex e-con-boxed e-con e-parent\" data-id=\"ca54c83\" data-element_type=\"container\">\n\t\t\t\t\t<div class=\"e-con-inner\">\n\t\t\t\t<div class=\"elementor-element elementor-element-c4c0c4f elementor-widget elementor-widget-text-editor\" data-id=\"c4c0c4f\" data-element_type=\"widget\" data-widget_type=\"text-editor.default\">\n\t\t\t\t\t\t\t\t\t<header class=\"text-center\"><h2 class=\"m-auto\">COOKIE POLICY<\/h2><h4><span class=\"blanc-space ng-binding\">https:\/\/escueladenataciondelfines.com\/<\/span><\/h4><\/header><div><p>Access to this Website may involve the use of cookies. Cookies are small amounts of information stored in the browser used by each User\u2014on the different devices they may use for browsing\u2014so that the server remembers certain information that only the server which implemented it will later read. Cookies facilitate navigation, make it more friendly, and do not harm the browsing device.<\/p><p>Cookies are automatic procedures for collecting information related to the preferences determined by the User during their visit to the Website in order to recognize them as a User, personalize their experience and use of the Website, and can also, for example, help identify and resolve errors.<\/p><p>The information collected through cookies may include the date and time of visits to the Website, the viewed pages, the time spent on the Website, and the sites visited just before and after it. However, no cookie allows for contact with the User's phone number or any other means of personal contact. No cookie can extract information from the User's hard drive or steal personal information. The only way the User's private information becomes part of the Cookie file is if the User personally provides that information to the server.<\/p><p>Cookies that allow the identification of a person are considered personal data. Therefore, the previously described Privacy Policy will apply to them. In this sense, the User's consent will be necessary for their use. This consent will be communicated, based on an authentic choice, offered by an affirmative and positive decision, before the initial processing, removable, and documented.<\/p><div class=\"\"><h4>Own cookies<\/h4><p class=\"translation-block\">These are cookies that are sent to the User\u2019s computer or device and managed exclusively by <span class=\"blanc-space ng-binding\">Raul Ariel Enriquez Beneyto<\/span> to ensure the optimal functioning of the Website. The information collected is used to improve the quality of the Website, its Content, and the User\u2019s experience. These cookies make it possible to recognize the User as a recurring visitor to the Website and to tailor the content to offer materials that match their preferences.<\/p><\/div><h4>Disabling, rejecting, and deleting cookies<\/h4><p>The User can disable, reject, and delete cookies\u2014totally or partially\u2014installed on their device by configuring their browser (among which are, for example, Chrome, Firefox, Safari, Explorer). In this regard, the procedures for rejecting and deleting cookies may differ from one Internet browser to another. Consequently, the User must refer to the instructions provided by the Internet browser they are using. Should they reject the use of cookies\u2014totally or partially\u2014they may continue using the Website, although the use of some of its features may be limited.<\/p><p class=\"translation-block\">This Cookie Policy document was created using the online <a class=\"text-body text-decoration-none\" href=\"https:\/\/textos-legales.edgartamarit.com\/\" target=\"_self\">free web cookie policy template<\/a> generator on 29\/10\/2025.<\/p><\/div>\t\t\t\t\t\t\t\t<\/div>\n\t\t\t\t\t<\/div>\n\t\t\t\t<\/div>\n\t\t\t\t<\/div>","protected":false},"excerpt":{"rendered":"<p>POL\u00cdTICA DE COOKIES https:\/\/escueladenataciondelfines.com\/ El acceso a este Sitio Web puede implicar la utilizaci\u00f3n de cookies. Las cookies son peque\u00f1as cantidades de informaci\u00f3n que se almacenan en el navegador utilizado por cada Usuario \u2014en los distintos dispositivos que pueda utilizar para navegar\u2014 para que el servidor recuerde cierta informaci\u00f3n que posteriormente y \u00fanicamente el servidor [&hellip;]<\/p>","protected":false},"author":1,"featured_media":0,"parent":0,"menu_order":0,"comment_status":"closed","ping_status":"closed","template":"","meta":{"footnotes":""},"class_list":["post-411","page","type-page","status-publish","hentry"],"_links":{"self":[{"href":"https:\/\/escueladenataciondelfines.com\/en\/wp-json\/wp\/v2\/pages\/411","targetHints":{"allow":["GET"]}}],"collection":[{"href":"https:\/\/escueladenataciondelfines.com\/en\/wp-json\/wp\/v2\/pages"}],"about":[{"href":"https:\/\/escueladenataciondelfines.com\/en\/wp-json\/wp\/v2\/types\/page"}],"author":[{"embeddable":true,"href":"https:\/\/escueladenataciondelfines.com\/en\/wp-json\/wp\/v2\/users\/1"}],"replies":[{"embeddable":true,"href":"https:\/\/escueladenataciondelfines.com\/en\/wp-json\/wp\/v2\/comments?post=411"}],"version-history":[{"count":7,"href":"https:\/\/escueladenataciondelfines.com\/en\/wp-json\/wp\/v2\/pages\/411\/revisions"}],"predecessor-version":[{"id":444,"href":"https:\/\/escueladenataciondelfines.com\/en\/wp-json\/wp\/v2\/pages\/411\/revisions\/444"}],"wp:attachment":[{"href":"https:\/\/escueladenataciondelfines.com\/en\/wp-json\/wp\/v2\/media?parent=411"}],"curies":[{"name":"wp","href":"https:\/\/api.w.org\/{rel}","templated":true}]}}